{"id":9269,"date":"2018-08-24T11:19:49","date_gmt":"2018-08-24T11:19:49","guid":{"rendered":"http:\/\/www.ticeman.fr\/lecoutelas\/?page_id=9269"},"modified":"2020-12-05T15:06:42","modified_gmt":"2020-12-05T15:06:42","slug":"audio-et-video","status":"publish","type":"page","link":"https:\/\/www.ticeman.fr\/lecoutelas\/?page_id=9269","title":{"rendered":"Audio et Vid\u00e9o"},"content":{"rendered":"\n<h2 class=\"wp-block-heading\"><strong>Vid\u00e9o&nbsp;<\/strong><\/h2>\n\n\n\n<ul class=\"wp-block-list\"><li><a href=\"http:\/\/www.ticeman.fr\/lecoutelas\/?cat=105\">Montage vid\u00e9o<\/a><\/li><li>F<a href=\"http:\/\/www.ticeman.fr\/lecoutelas\/?cat=107\">aire parler un personnage<\/a><\/li><li><a href=\"http:\/\/www.ticeman.fr\/lecoutelas\/?cat=61\">Filmer son \u00e9cran<\/a><\/li><li><a href=\"http:\/\/www.ticeman.fr\/lecoutelas\/?cat=76\">Diffuser son \u00e9cran<\/a><\/li><li><a href=\"http:\/\/www.ticeman.fr\/lecoutelas\/?cat=93\">Cr\u00e9er des capsules vid\u00e9o<\/a><\/li><li><a href=\"https:\/\/www.ticeman.fr\/lecoutelas\/?cat=114\">T\u00e9l\u00e9charger des vid\u00e9os<\/a><\/li><li><a rel=\"noreferrer noopener\" aria-label=\"Diffuser des vid\u00e9os (s\u2019ouvre dans un nouvel onglet)\" href=\"https:\/\/www.ticeman.fr\/lecoutelas\/?cat=69\" target=\"_blank\">Diffuser des vid\u00e9os<\/a><\/li><li><a rel=\"noreferrer noopener\" aria-label=\"Apporter de l'interactivit\u00e9 aux vid\u00e9os (s\u2019ouvre dans un nouvel onglet)\" href=\"https:\/\/www.ticeman.fr\/lecoutelas\/?cat=111\" target=\"_blank\">Apporter de l&#8217;interactivit\u00e9 aux vid\u00e9os<\/a><\/li><li><a href=\"https:\/\/www.ticeman.fr\/lecoutelas\/?cat=117\" target=\"_blank\" rel=\"noreferrer noopener\">Sous titrer des vid\u00e9os<\/a><\/li><\/ul>\n\n\n\n<p><\/p>\n","protected":false},"excerpt":{"rendered":"<p>Vid\u00e9o&nbsp; Montage vid\u00e9o Faire parler un personnage Filmer son \u00e9cran Diffuser son \u00e9cran Cr\u00e9er des capsules vid\u00e9o T\u00e9l\u00e9charger des vid\u00e9os Diffuser des vid\u00e9os&hellip;<a href=\"https:\/\/www.ticeman.fr\/lecoutelas\/?page_id=9269\" class=\"more-link\"><span class=\"more-button\">Continuez la lecture<span class=\"screen-reader-text\">Audio et Vid\u00e9o<\/span><\/span><\/a><\/p>\n","protected":false},"author":1,"featured_media":0,"parent":0,"menu_order":0,"comment_status":"closed","ping_status":"closed","template":"","meta":{"footnotes":""},"class_list":["post-9269","page","type-page","status-publish","hentry"],"_links":{"self":[{"href":"https:\/\/www.ticeman.fr\/lecoutelas\/index.php?rest_route=\/wp\/v2\/pages\/9269"}],"collection":[{"href":"https:\/\/www.ticeman.fr\/lecoutelas\/index.php?rest_route=\/wp\/v2\/pages"}],"about":[{"href":"https:\/\/www.ticeman.fr\/lecoutelas\/index.php?rest_route=\/wp\/v2\/types\/page"}],"author":[{"embeddable":true,"href":"https:\/\/www.ticeman.fr\/lecoutelas\/index.php?rest_route=\/wp\/v2\/users\/1"}],"replies":[{"embeddable":true,"href":"https:\/\/www.ticeman.fr\/lecoutelas\/index.php?rest_route=%2Fwp%2Fv2%2Fcomments&post=9269"}],"version-history":[{"count":12,"href":"https:\/\/www.ticeman.fr\/lecoutelas\/index.php?rest_route=\/wp\/v2\/pages\/9269\/revisions"}],"predecessor-version":[{"id":12023,"href":"https:\/\/www.ticeman.fr\/lecoutelas\/index.php?rest_route=\/wp\/v2\/pages\/9269\/revisions\/12023"}],"wp:attachment":[{"href":"https:\/\/www.ticeman.fr\/lecoutelas\/index.php?rest_route=%2Fwp%2Fv2%2Fmedia&parent=9269"}],"curies":[{"name":"wp","href":"https:\/\/api.w.org\/{rel}","templated":true}]}}