{"id":9296,"date":"2018-08-30T08:31:00","date_gmt":"2018-08-30T08:31:00","guid":{"rendered":"http:\/\/www.ticeman.fr\/lecoutelas\/?page_id=9296"},"modified":"2019-11-01T11:26:42","modified_gmt":"2019-11-01T11:26:42","slug":"image","status":"publish","type":"page","link":"https:\/\/www.ticeman.fr\/lecoutelas\/?page_id=9296","title":{"rendered":"Image"},"content":{"rendered":"<ul>\n<li><a href=\"http:\/\/www.ticeman.fr\/lecoutelas\/?cat=79\">Cr\u00e9er des avatars<\/a><\/li>\n<li><a href=\"http:\/\/www.ticeman.fr\/lecoutelas\/?cat=116\">Rendre des images interactives<\/a><\/li>\n<li><a href=\"http:\/\/www.ticeman.fr\/lecoutelas\/?cat=18\">Cr\u00e9er des cartes et plans<\/a><\/li>\n<li><a href=\"http:\/\/www.ticeman.fr\/lecoutelas\/?cat=67\">Annoter des images<\/a><\/li>\n<li><a href=\"http:\/\/www.ticeman.fr\/lecoutelas\/?cat=144\">D\u00e9tourer vos images ou retirer l&#8217;arri\u00e8re plan<\/a><\/li>\n<li><a href=\"http:\/\/www.ticeman.fr\/lecoutelas\/?cat=81\">Cr\u00e9er des infographies, posters ou autres compositions<\/a><\/li>\n<li><a href=\"https:\/\/www.ticeman.fr\/lecoutelas\/?cat=68\">Cr\u00e9er des bandes dessin\u00e9es<\/a><\/li>\n<li><a href=\"http:\/\/www.ticeman.fr\/lecoutelas\/?cat=108\">Cr\u00e9er des gifs anim\u00e9s<\/a><\/li>\n<li><a href=\"https:\/\/www.ticeman.fr\/lecoutelas\/?cat=122\">Cr\u00e9ez et visionnez vos images panoramiques<\/a><\/li>\n<li><a href=\"https:\/\/www.ticeman.fr\/lecoutelas\/?cat=144\">D\u00e9tourer des images<\/a><\/li>\n<\/ul>\n\n","protected":false},"excerpt":{"rendered":"<p>Cr\u00e9er des avatars Rendre des images interactives Cr\u00e9er des cartes et plans Annoter des images D\u00e9tourer vos images ou retirer l&#8217;arri\u00e8re plan Cr\u00e9er&hellip;<a href=\"https:\/\/www.ticeman.fr\/lecoutelas\/?page_id=9296\" class=\"more-link\"><span class=\"more-button\">Continuez la lecture<span class=\"screen-reader-text\">Image<\/span><\/span><\/a><\/p>\n","protected":false},"author":1,"featured_media":0,"parent":0,"menu_order":0,"comment_status":"closed","ping_status":"closed","template":"","meta":{"footnotes":""},"class_list":["post-9296","page","type-page","status-publish","hentry"],"_links":{"self":[{"href":"https:\/\/www.ticeman.fr\/lecoutelas\/index.php?rest_route=\/wp\/v2\/pages\/9296"}],"collection":[{"href":"https:\/\/www.ticeman.fr\/lecoutelas\/index.php?rest_route=\/wp\/v2\/pages"}],"about":[{"href":"https:\/\/www.ticeman.fr\/lecoutelas\/index.php?rest_route=\/wp\/v2\/types\/page"}],"author":[{"embeddable":true,"href":"https:\/\/www.ticeman.fr\/lecoutelas\/index.php?rest_route=\/wp\/v2\/users\/1"}],"replies":[{"embeddable":true,"href":"https:\/\/www.ticeman.fr\/lecoutelas\/index.php?rest_route=%2Fwp%2Fv2%2Fcomments&post=9296"}],"version-history":[{"count":11,"href":"https:\/\/www.ticeman.fr\/lecoutelas\/index.php?rest_route=\/wp\/v2\/pages\/9296\/revisions"}],"predecessor-version":[{"id":11048,"href":"https:\/\/www.ticeman.fr\/lecoutelas\/index.php?rest_route=\/wp\/v2\/pages\/9296\/revisions\/11048"}],"wp:attachment":[{"href":"https:\/\/www.ticeman.fr\/lecoutelas\/index.php?rest_route=%2Fwp%2Fv2%2Fmedia&parent=9296"}],"curies":[{"name":"wp","href":"https:\/\/api.w.org\/{rel}","templated":true}]}}