{"id":9300,"date":"2018-08-30T08:35:43","date_gmt":"2018-08-30T08:35:43","guid":{"rendered":"http:\/\/www.ticeman.fr\/lecoutelas\/?page_id=9300"},"modified":"2020-02-23T17:35:04","modified_gmt":"2020-02-23T17:35:04","slug":"texte","status":"publish","type":"page","link":"https:\/\/www.ticeman.fr\/lecoutelas\/?page_id=9300","title":{"rendered":"Bureautique"},"content":{"rendered":"<ul>\n<li><a href=\"http:\/\/www.ticeman.fr\/lecoutelas\/?cat=151\">Cr\u00e9er des bibliographies et des sitographies<\/a><\/li>\n<li><a href=\"http:\/\/www.ticeman.fr\/lecoutelas\/?cat=88\" target=\"_blank\" rel=\"noopener noreferrer\">Reconnaissance vocale\/ Dict\u00e9e vocale<\/a><\/li>\n<li><a href=\"http:\/\/www.ticeman.fr\/lecoutelas\/?cat=109\">Num\u00e9riser des textes<\/a><\/li>\n<li><a href=\"http:\/\/www.ticeman.fr\/lecoutelas\/?cat=90\">Cr\u00e9er des cartes mentales ou diagrammes<\/a><\/li>\n<li><a href=\"https:\/\/www.ticeman.fr\/lecoutelas\/?cat=50\">Cr\u00e9er des murs virtuels fa\u00e7on padlet<\/a><\/li>\n<li><a href=\"https:\/\/www.ticeman.fr\/lecoutelas\/?cat=143\">Cr\u00e9er des graphiques<\/a><\/li>\n<li><a href=\"https:\/\/www.ticeman.fr\/lecoutelas\/?cat=133\">Synth\u00e8se vocale<\/a><\/li>\n<\/ul>\n","protected":false},"excerpt":{"rendered":"<p>Cr\u00e9er des bibliographies et des sitographies Reconnaissance vocale\/ Dict\u00e9e vocale Num\u00e9riser des textes Cr\u00e9er des cartes mentales ou diagrammes Cr\u00e9er des murs virtuels&hellip;<a href=\"https:\/\/www.ticeman.fr\/lecoutelas\/?page_id=9300\" class=\"more-link\"><span class=\"more-button\">Continuez la lecture<span class=\"screen-reader-text\">Bureautique<\/span><\/span><\/a><\/p>\n","protected":false},"author":1,"featured_media":0,"parent":0,"menu_order":0,"comment_status":"closed","ping_status":"closed","template":"","meta":{"footnotes":""},"class_list":["post-9300","page","type-page","status-publish","hentry"],"_links":{"self":[{"href":"https:\/\/www.ticeman.fr\/lecoutelas\/index.php?rest_route=\/wp\/v2\/pages\/9300"}],"collection":[{"href":"https:\/\/www.ticeman.fr\/lecoutelas\/index.php?rest_route=\/wp\/v2\/pages"}],"about":[{"href":"https:\/\/www.ticeman.fr\/lecoutelas\/index.php?rest_route=\/wp\/v2\/types\/page"}],"author":[{"embeddable":true,"href":"https:\/\/www.ticeman.fr\/lecoutelas\/index.php?rest_route=\/wp\/v2\/users\/1"}],"replies":[{"embeddable":true,"href":"https:\/\/www.ticeman.fr\/lecoutelas\/index.php?rest_route=%2Fwp%2Fv2%2Fcomments&post=9300"}],"version-history":[{"count":9,"href":"https:\/\/www.ticeman.fr\/lecoutelas\/index.php?rest_route=\/wp\/v2\/pages\/9300\/revisions"}],"predecessor-version":[{"id":11301,"href":"https:\/\/www.ticeman.fr\/lecoutelas\/index.php?rest_route=\/wp\/v2\/pages\/9300\/revisions\/11301"}],"wp:attachment":[{"href":"https:\/\/www.ticeman.fr\/lecoutelas\/index.php?rest_route=%2Fwp%2Fv2%2Fmedia&parent=9300"}],"curies":[{"name":"wp","href":"https:\/\/api.w.org\/{rel}","templated":true}]}}